{"id":1008,"date":"2024-09-30T19:07:03","date_gmt":"2024-09-30T19:07:03","guid":{"rendered":"https:\/\/nexevoconsulting.com\/?page_id=1008"},"modified":"2024-12-02T08:25:01","modified_gmt":"2024-12-02T08:25:01","slug":"digital-transformation","status":"publish","type":"page","link":"https:\/\/nexevoconsulting.com\/fr\/digital-transformation\/","title":{"rendered":"Transformation digitale"},"content":{"rendered":"<div data-elementor-type=\"wp-page\" data-elementor-id=\"1008\" class=\"elementor elementor-1008\">\n\t\t\t\t\t\t<section class=\"elementor-section elementor-top-section elementor-element elementor-element-1cac08f elementor-section-boxed elementor-section-height-default elementor-section-height-default\" data-id=\"1cac08f\" data-element_type=\"section\" data-e-type=\"section\" data-settings=\"{&quot;background_background&quot;:&quot;classic&quot;}\">\n\t\t\t\t\t\t\t<div class=\"elementor-background-overlay\"><\/div>\n\t\t\t\t\t\t\t<div class=\"elementor-container elementor-column-gap-default\">\n\t\t\t\t\t<div class=\"elementor-column elementor-col-100 elementor-top-column elementor-element elementor-element-aaabeca\" data-id=\"aaabeca\" data-element_type=\"column\" data-e-type=\"column\">\n\t\t\t<div class=\"elementor-widget-wrap elementor-element-populated\">\n\t\t\t\t\t\t<div class=\"elementor-element elementor-element-dfce853 elementor-invisible elementor-widget elementor-widget-heading\" data-id=\"dfce853\" data-element_type=\"widget\" data-e-type=\"widget\" data-settings=\"{&quot;_animation&quot;:&quot;fadeInLeft&quot;}\" data-widget_type=\"heading.default\">\n\t\t\t\t<div class=\"elementor-widget-container\">\n\t\t\t\t\t<h2 class=\"elementor-heading-title elementor-size-default\">Transformation digitale<\/h2>\t\t\t\t<\/div>\n\t\t\t\t<\/div>\n\t\t\t\t<div class=\"elementor-element elementor-element-fb62d1e elementor-icon-list--layout-inline elementor-align-center elementor-list-item-link-full_width elementor-invisible elementor-widget elementor-widget-icon-list\" data-id=\"fb62d1e\" data-element_type=\"widget\" data-e-type=\"widget\" data-settings=\"{&quot;_animation&quot;:&quot;fadeInUp&quot;}\" data-widget_type=\"icon-list.default\">\n\t\t\t\t<div class=\"elementor-widget-container\">\n\t\t\t\t\t\t\t<ul class=\"elementor-icon-list-items elementor-inline-items\">\n\t\t\t\t\t\t\t<li class=\"elementor-icon-list-item elementor-inline-item\">\n\t\t\t\t\t\t\t\t\t\t\t<a href=\"https:\/\/nexevoconsulting.com\/fr\/\">\n\n\t\t\t\t\t\t\t\t\t\t\t<span class=\"elementor-icon-list-text\">Accueil<\/span>\n\t\t\t\t\t\t\t\t\t\t\t<\/a>\n\t\t\t\t\t\t\t\t\t<\/li>\n\t\t\t\t\t\t\t\t<li class=\"elementor-icon-list-item elementor-inline-item\">\n\t\t\t\t\t\t\t\t\t\t\t<a href=\"https:\/\/nexevoconsulting.com\/fr\/digital-transformation\/\">\n\n\t\t\t\t\t\t\t\t\t\t\t<span class=\"elementor-icon-list-text\">Transformation digitale<\/span>\n\t\t\t\t\t\t\t\t\t\t\t<\/a>\n\t\t\t\t\t\t\t\t\t<\/li>\n\t\t\t\t\t\t<\/ul>\n\t\t\t\t\t\t<\/div>\n\t\t\t\t<\/div>\n\t\t\t\t\t<\/div>\n\t\t<\/div>\n\t\t\t\t\t<\/div>\n\t\t<\/section>\n\t\t\t\t<section class=\"elementor-section elementor-top-section elementor-element elementor-element-6e7bbf0 elementor-section-boxed elementor-section-height-default elementor-section-height-default\" data-id=\"6e7bbf0\" data-element_type=\"section\" data-e-type=\"section\" data-settings=\"{&quot;background_background&quot;:&quot;gradient&quot;}\">\n\t\t\t\t\t\t<div class=\"elementor-container elementor-column-gap-default\">\n\t\t\t\t\t<div class=\"elementor-column elementor-col-100 elementor-top-column elementor-element elementor-element-6bf31ff\" data-id=\"6bf31ff\" data-element_type=\"column\" data-e-type=\"column\">\n\t\t\t<div class=\"elementor-widget-wrap elementor-element-populated\">\n\t\t\t\t\t\t<section class=\"elementor-section elementor-inner-section elementor-element elementor-element-da1a43b elementor-section-content-middle elementor-section-boxed elementor-section-height-default elementor-section-height-default\" data-id=\"da1a43b\" data-element_type=\"section\" data-e-type=\"section\">\n\t\t\t\t\t\t<div class=\"elementor-container elementor-column-gap-default\">\n\t\t\t\t\t<div class=\"elementor-column elementor-col-50 elementor-inner-column elementor-element elementor-element-3359bd0\" data-id=\"3359bd0\" data-element_type=\"column\" data-e-type=\"column\">\n\t\t\t<div class=\"elementor-widget-wrap elementor-element-populated\">\n\t\t\t\t\t\t<div class=\"elementor-element elementor-element-23fe0ae elementor-widget elementor-widget-text-editor\" data-id=\"23fe0ae\" data-element_type=\"widget\" data-e-type=\"widget\" data-widget_type=\"text-editor.default\">\n\t\t\t\t<div class=\"elementor-widget-container\">\n\t\t\t\t\t\t\t\t\t<p>La transformation digitale est l\u2019int\u00e9gration des technologies num\u00e9riques dans tous les domaines d\u2019une organisation, modifiant fondamentalement la mani\u00e8re dont elle fonctionne et offre de la valeur \u00e0 leurs clients. Elle implique l\u2019exploitation de technologies telles que le cloud computing, l\u2019intelligence artificielle, l\u2019analyse des donn\u00e9es et l\u2019automatisation pour rationaliser les processus commerciaux, am\u00e9liorer l\u2019exp\u00e9rience client et cr\u00e9er de nouveaux mod\u00e8les business<\/p><p>Chez NexEvo CONSULTING, nous pensons que la transformation digitale va au-del\u00e0 de la simple adoption de nouveaux outils. Elle englobe les changements culturels, organisationnels et op\u00e9rationnels n\u00e9cessaires pour stimuler l'innovation, accro\u00eetre l'efficacit\u00e9 et maintenir la comp\u00e9titivit\u00e9 \u00e0 l'\u00e8re num\u00e9rique. Nous aidons votre organisation \u00e0 r\u00e9inventer chaque facette de votre activit\u00e9, de l'engagement client aux flux de travail internes, garantissant une transformation holistique et impactante.<\/p>\t\t\t\t\t\t\t\t<\/div>\n\t\t\t\t<\/div>\n\t\t\t\t\t<\/div>\n\t\t<\/div>\n\t\t\t\t<div class=\"elementor-column elementor-col-50 elementor-inner-column elementor-element elementor-element-54d3d5e\" data-id=\"54d3d5e\" data-element_type=\"column\" data-e-type=\"column\">\n\t\t\t<div class=\"elementor-widget-wrap elementor-element-populated\">\n\t\t\t\t\t\t<div class=\"elementor-element elementor-element-049cf0e elementor-widget elementor-widget-image\" data-id=\"049cf0e\" data-element_type=\"widget\" data-e-type=\"widget\" data-widget_type=\"image.default\">\n\t\t\t\t<div class=\"elementor-widget-container\">\n\t\t\t\t\t\t\t\t\t\t\t\t\t\t\t<img fetchpriority=\"high\" decoding=\"async\" width=\"626\" height=\"418\" src=\"https:\/\/nexevoconsulting.com\/wp-content\/uploads\/2024\/09\/g.webp\" class=\"attachment-large size-large wp-image-29\" alt=\"\" srcset=\"https:\/\/nexevoconsulting.com\/wp-content\/uploads\/2024\/09\/g.webp 626w, https:\/\/nexevoconsulting.com\/wp-content\/uploads\/2024\/09\/g-300x200.webp 300w\" sizes=\"(max-width: 626px) 100vw, 626px\" \/>\t\t\t\t\t\t\t\t\t\t\t\t\t\t\t<\/div>\n\t\t\t\t<\/div>\n\t\t\t\t\t<\/div>\n\t\t<\/div>\n\t\t\t\t\t<\/div>\n\t\t<\/section>\n\t\t\t\t\t<\/div>\n\t\t<\/div>\n\t\t\t\t\t<\/div>\n\t\t<\/section>\n\t\t\t\t<section class=\"elementor-section elementor-top-section elementor-element elementor-element-23268c6 elementor-section-full_width elementor-section-height-default elementor-section-height-default\" data-id=\"23268c6\" data-element_type=\"section\" data-e-type=\"section\" data-settings=\"{&quot;background_background&quot;:&quot;classic&quot;}\">\n\t\t\t\t\t\t<div class=\"elementor-container elementor-column-gap-default\">\n\t\t\t\t\t<div class=\"elementor-column elementor-col-100 elementor-top-column elementor-element elementor-element-5126647\" data-id=\"5126647\" data-element_type=\"column\" data-e-type=\"column\">\n\t\t\t<div class=\"elementor-widget-wrap elementor-element-populated\">\n\t\t\t\t\t\t<section class=\"elementor-section elementor-inner-section elementor-element elementor-element-0417a6f elementor-section-boxed elementor-section-height-default elementor-section-height-default\" data-id=\"0417a6f\" data-element_type=\"section\" data-e-type=\"section\">\n\t\t\t\t\t\t<div class=\"elementor-container elementor-column-gap-default\">\n\t\t\t\t\t<div class=\"elementor-column elementor-col-100 elementor-inner-column elementor-element elementor-element-2bc42c4\" data-id=\"2bc42c4\" data-element_type=\"column\" data-e-type=\"column\">\n\t\t\t<div class=\"elementor-widget-wrap elementor-element-populated\">\n\t\t\t\t\t\t<div class=\"elementor-element elementor-element-e8946ce elementor-widget elementor-widget-heading\" data-id=\"e8946ce\" data-element_type=\"widget\" data-e-type=\"widget\" data-widget_type=\"heading.default\">\n\t\t\t\t<div class=\"elementor-widget-container\">\n\t\t\t\t\t<h2 class=\"elementor-heading-title elementor-size-default translation-block\">Transformation Digitale avec une\nApproche Centr\u00e9e sur l'Humain<\/h2>\t\t\t\t<\/div>\n\t\t\t\t<\/div>\n\t\t\t\t<div class=\"elementor-element elementor-element-74fe804 elementor-widget elementor-widget-text-editor\" data-id=\"74fe804\" data-element_type=\"widget\" data-e-type=\"widget\" data-widget_type=\"text-editor.default\">\n\t\t\t\t<div class=\"elementor-widget-container\">\n\t\t\t\t\t\t\t\t\t<p>Chez NexEvo CONSULTING, nous privil\u00e9gions une transformation digitale centr\u00e9e sur l\u2019humain, o\u00f9 la technologie am\u00e9liore l\u2019exp\u00e9rience humaine plut\u00f4t que de l\u2019\u00e9clipser. Notre approche garantit que les employ\u00e9s, les clients et les partenaires sont responsabilis\u00e9s, soutenus et enrichis tout au long du parcours de transformation. Nous nous engageons \u00e0 faire de ce processus une exp\u00e9rience positive et inclusive, favorisant un changement significatif qui profite \u00e0 toutes les personnes impliqu\u00e9es. La technologie devient un outil de progr\u00e8s, mais l\u2019humain reste au c\u0153ur de la transformation.<\/p>\t\t\t\t\t\t\t\t<\/div>\n\t\t\t\t<\/div>\n\t\t\t\t<div class=\"elementor-element elementor-element-48dad81 elementor-widget elementor-widget-eael-adv-tabs\" data-id=\"48dad81\" data-element_type=\"widget\" data-e-type=\"widget\" data-widget_type=\"eael-adv-tabs.default\">\n\t\t\t\t<div class=\"elementor-widget-container\">\n\t\t\t\t\t        <div data-scroll-on-click=\"no\" data-scroll-speed=\"300\" id=\"eael-advance-tabs-48dad81\" class=\"eael-advance-tabs eael-tabs-horizontal eael-tab-auto-active  active-caret-on\" data-tabid=\"48dad81\">\n            <div class=\"eael-tabs-nav\">\n                <ul class=\"\" role=\"tablist\">\n                                            <li id=\"people-first-strategy\" class=\"inactive eael-tab-item-trigger eael-tab-nav-item\" aria-selected=\"true\" data-tab=\"1\" role=\"tab\" tabindex=\"0\" aria-controls=\"people-first-strategy-tab\" aria-expanded=\"false\">\n                            \n                            \n                            \n                                                            <span class=\"eael-tab-title title-after-icon\" >Strategie ax\u00e9e sur les personnes<\/span>                                                    <\/li>\n                                            <li id=\"digital-strategy-and-roadmap-development\" class=\"inactive eael-tab-item-trigger eael-tab-nav-item\" aria-selected=\"false\" data-tab=\"2\" role=\"tab\" tabindex=\"-1\" aria-controls=\"digital-strategy-and-roadmap-development-tab\" aria-expanded=\"false\">\n                            \n                            \n                            \n                                                            <span class=\"eael-tab-title title-after-icon\" >\u00c9laboration de la strat\u00e9gie et de la feuille de route digitale<\/span>                                                    <\/li>\n                                            <li id=\"empowerment-through-technology\" class=\"inactive eael-tab-item-trigger eael-tab-nav-item\" aria-selected=\"false\" data-tab=\"3\" role=\"tab\" tabindex=\"-1\" aria-controls=\"empowerment-through-technology-tab\" aria-expanded=\"false\">\n                            \n                            \n                            \n                                                            <span class=\"eael-tab-title title-after-icon\" >Am\u00e9lioration \u00e0 travers la technologie<\/span>                                                    <\/li>\n                    \n                                  <\/ul>\n            <\/div>\n            \n            <div class=\"eael-tabs-content\">\n\t\t        \n                    <div id=\"people-first-strategy-tab\" class=\"clearfix eael-tab-content-item inactive\" data-title-link=\"people-first-strategy-tab\">\n\t\t\t\t        <p><img decoding=\"async\" class=\"wp-image-1246 aligncenter\" src=\"https:\/\/nexevoconsulting.com\/wp-content\/uploads\/2024\/10\/audiance.png\" alt=\"\" width=\"71\" height=\"71\" srcset=\"https:\/\/nexevoconsulting.com\/wp-content\/uploads\/2024\/10\/audiance.png 256w, https:\/\/nexevoconsulting.com\/wp-content\/uploads\/2024\/10\/audiance-150x150.png 150w\" sizes=\"(max-width: 71px) 100vw, 71px\" \/><\/p><p style=\"text-align: center\"><span style=\"color: #f2f2f2\"><strong>Notre approche<\/strong><\/span><\/p><p><span style=\"color: #f2f2f2\">S\u2019assurer que la transformation num\u00e9rique s\u2019aligne sur les besoins, les capacit\u00e9s et le bien-\u00eatre de vos employ\u00e9s, clients et parties prenantes.<\/span><\/p><p><span style=\"color: #f2f2f2\">Interagir avec les parties prenantes \u00e0 tous les niveaux pour comprendre leurs difficult\u00e9s, leurs besoins et leurs aspirations.<\/span><\/p><p><span style=\"color: #f2f2f2\">D\u00e9velopper une strat\u00e9gie de transformation qui donne la priorit\u00e9 \u00e0 l\u2019am\u00e9lioration de l\u2019exp\u00e9rience des employ\u00e9s et \u00e0 la satisfaction des clients.<\/span><\/p><p><span style=\"color: #f2f2f2\">\u00c9valuer et aligner les outils num\u00e9riques avec les flux de travail humains, en veillant \u00e0 ce que la technologie renforce plut\u00f4t que de perturber.<\/span><\/p>                    <\/div>\n\t\t        \n                    <div id=\"digital-strategy-and-roadmap-development-tab\" class=\"clearfix eael-tab-content-item inactive\" data-title-link=\"digital-strategy-and-roadmap-development-tab\">\n\t\t\t\t        <p><span style=\"color: #ffffff\"><img decoding=\"async\" class=\"wp-image-1250 aligncenter\" src=\"https:\/\/nexevoconsulting.com\/wp-content\/uploads\/2024\/10\/exam.png\" alt=\"\" width=\"106\" height=\"106\" srcset=\"https:\/\/nexevoconsulting.com\/wp-content\/uploads\/2024\/10\/exam.png 256w, https:\/\/nexevoconsulting.com\/wp-content\/uploads\/2024\/10\/exam-150x150.png 150w\" sizes=\"(max-width: 106px) 100vw, 106px\" \/><\/span><\/p><p style=\"text-align: center\"><span style=\"color: #ffffff\"><strong>Notre approche<\/strong><\/span><\/p><p><span style=\"color: #ffffff\">Concevoir une feuille de route claire et exploitable qui aligne les initiatives num\u00e9riques sur vos objectifs commerciaux<\/span><\/p><p><span style=\"color: #ffffff\">\u00c9valuation commerciale et technologique<\/span><\/p><p><span style=\"color: #ffffff\">Analyse de maturit\u00e9 num\u00e9rique<\/span><\/p><p><span style=\"color: #ffffff\">Strat\u00e9gie digitale personnalis\u00e9e align\u00e9e sur les objectifs commerciaux<\/span><\/p><p><span style=\"color: #ffffff\">Cr\u00e9ation d'une feuille de route avec des objectifs \u00e0 court, moyen et long terme<\/span><\/p><p><span style=\"color: #ffffff\">R\u00e9vision et ajustement continus pour r\u00e9pondre aux conditions changeantes du march\u00e9<\/span><\/p>                    <\/div>\n\t\t        \n                    <div id=\"empowerment-through-technology-tab\" class=\"clearfix eael-tab-content-item inactive\" data-title-link=\"empowerment-through-technology-tab\">\n\t\t\t\t        <p><img loading=\"lazy\" decoding=\"async\" class=\"wp-image-1248 aligncenter\" src=\"https:\/\/nexevoconsulting.com\/wp-content\/uploads\/2024\/10\/collaborate.png\" alt=\"\" width=\"85\" height=\"85\" srcset=\"https:\/\/nexevoconsulting.com\/wp-content\/uploads\/2024\/10\/collaborate.png 256w, https:\/\/nexevoconsulting.com\/wp-content\/uploads\/2024\/10\/collaborate-150x150.png 150w\" sizes=\"(max-width: 85px) 100vw, 85px\" \/><\/p><p style=\"text-align: center\"><span style=\"color: #ffffff\"><strong>\u00a0<\/strong><strong>Notre approche<\/strong><\/span><\/p><p><span style=\"color: #ffffff\">Utiliser la technologie comme un outil pour autonomiser les individus, leur permettant de travailler plus intelligemment, de mani\u00e8re plus cr\u00e9ative et avec plus de satisfaction.<\/span><\/p><p><span style=\"color: #ffffff\">\u00c9valuer les processus actuels et la maturit\u00e9 num\u00e9rique pour identifier les principaux domaines d'am\u00e9lioration<\/span><\/p><p><span style=\"color: #ffffff\">Audits business et technologiques<\/span><\/p><p><span style=\"color: #ffffff\">\u00c9valuations des capacit\u00e9s num\u00e9riques<\/span><\/p><p><span style=\"color: #ffffff\">Strat\u00e9gie personnalis\u00e9e align\u00e9e sur les objectifs business<\/span><\/p><p><span style=\"color: #ffffff\">Conseiller les technologies de pointe pour am\u00e9liorer l'efficacit\u00e9, l'innovation et la prise de d\u00e9cision bas\u00e9e sur les donn\u00e9es<\/span><\/p><p><span style=\"color: #ffffff\">Solutions Cloud pour l'\u00e9volutivit\u00e9 et la flexibilit\u00e9<\/span><\/p><p><span style=\"color: #ffffff\">IA et automatisation pour rationaliser les op\u00e9rations et r\u00e9duire les t\u00e2ches manuelles<\/span><\/p><p><span style=\"color: #ffffff\">IoT pour une surveillance en temps r\u00e9el et des informations bas\u00e9es sur les donn\u00e9es<\/span><\/p><p><span style=\"color: #ffffff\">Analyse de donn\u00e9es pour une prise de d\u00e9cision \u00e9clair\u00e9e<\/span><\/p><p><span style=\"color: #ffffff\">Int\u00e9gration CRM et ERP pour unifier les flux de travail et am\u00e9liorer la collaboration<\/span><\/p>                    <\/div>\n\t\t                    <\/div>\n        <\/div>\n\t\t\t\t<\/div>\n\t\t\t\t<\/div>\n\t\t\t\t\t<\/div>\n\t\t<\/div>\n\t\t\t\t\t<\/div>\n\t\t<\/section>\n\t\t\t\t\t<\/div>\n\t\t<\/div>\n\t\t\t\t\t<\/div>\n\t\t<\/section>\n\t\t\t\t<\/div>","protected":false},"excerpt":{"rendered":"<p>Digital Transformation Home Digital Transformation Digital transformation is the integration of digital technologies across all areas of an organization, fundamentally [&hellip;]<\/p>","protected":false},"author":1,"featured_media":0,"parent":0,"menu_order":0,"comment_status":"closed","ping_status":"closed","template":"","meta":{"_acf_changed":false,"site-sidebar-layout":"no-sidebar","site-content-layout":"","ast-site-content-layout":"full-width-container","site-content-style":"default","site-sidebar-style":"default","ast-global-header-display":"","ast-banner-title-visibility":"","ast-main-header-display":"","ast-hfb-above-header-display":"","ast-hfb-below-header-display":"","ast-hfb-mobile-header-display":"","site-post-title":"disabled","ast-breadcrumbs-content":"","ast-featured-img":"disabled","footer-sml-layout":"","ast-disable-related-posts":"","theme-transparent-header-meta":"","adv-header-id-meta":"","stick-header-meta":"","header-above-stick-meta":"","header-main-stick-meta":"","header-below-stick-meta":"","astra-migrate-meta-layouts":"default","ast-page-background-enabled":"default","ast-page-background-meta":{"desktop":{"background-color":"var(--ast-global-color-4)","background-image":"","background-repeat":"repeat","background-position":"center center","background-size":"auto","background-attachment":"scroll","background-type":"","background-media":"","overlay-type":"","overlay-color":"","overlay-opacity":"","overlay-gradient":""},"tablet":{"background-color":"","background-image":"","background-repeat":"repeat","background-position":"center center","background-size":"auto","background-attachment":"scroll","background-type":"","background-media":"","overlay-type":"","overlay-color":"","overlay-opacity":"","overlay-gradient":""},"mobile":{"background-color":"","background-image":"","background-repeat":"repeat","background-position":"center center","background-size":"auto","background-attachment":"scroll","background-type":"","background-media":"","overlay-type":"","overlay-color":"","overlay-opacity":"","overlay-gradient":""}},"ast-content-background-meta":{"desktop":{"background-color":"var(--ast-global-color-5)","background-image":"","background-repeat":"repeat","background-position":"center center","background-size":"auto","background-attachment":"scroll","background-type":"","background-media":"","overlay-type":"","overlay-color":"","overlay-opacity":"","overlay-gradient":""},"tablet":{"background-color":"var(--ast-global-color-5)","background-image":"","background-repeat":"repeat","background-position":"center center","background-size":"auto","background-attachment":"scroll","background-type":"","background-media":"","overlay-type":"","overlay-color":"","overlay-opacity":"","overlay-gradient":""},"mobile":{"background-color":"var(--ast-global-color-5)","background-image":"","background-repeat":"repeat","background-position":"center center","background-size":"auto","background-attachment":"scroll","background-type":"","background-media":"","overlay-type":"","overlay-color":"","overlay-opacity":"","overlay-gradient":""}},"footnotes":""},"class_list":["post-1008","page","type-page","status-publish","hentry"],"acf":[],"_links":{"self":[{"href":"https:\/\/nexevoconsulting.com\/fr\/wp-json\/wp\/v2\/pages\/1008","targetHints":{"allow":["GET"]}}],"collection":[{"href":"https:\/\/nexevoconsulting.com\/fr\/wp-json\/wp\/v2\/pages"}],"about":[{"href":"https:\/\/nexevoconsulting.com\/fr\/wp-json\/wp\/v2\/types\/page"}],"author":[{"embeddable":true,"href":"https:\/\/nexevoconsulting.com\/fr\/wp-json\/wp\/v2\/users\/1"}],"replies":[{"embeddable":true,"href":"https:\/\/nexevoconsulting.com\/fr\/wp-json\/wp\/v2\/comments?post=1008"}],"version-history":[{"count":61,"href":"https:\/\/nexevoconsulting.com\/fr\/wp-json\/wp\/v2\/pages\/1008\/revisions"}],"predecessor-version":[{"id":2659,"href":"https:\/\/nexevoconsulting.com\/fr\/wp-json\/wp\/v2\/pages\/1008\/revisions\/2659"}],"wp:attachment":[{"href":"https:\/\/nexevoconsulting.com\/fr\/wp-json\/wp\/v2\/media?parent=1008"}],"curies":[{"name":"wp","href":"https:\/\/api.w.org\/{rel}","templated":true}]}}